{"id":22,"date":"2018-10-20T17:39:12","date_gmt":"2018-10-20T17:39:12","guid":{"rendered":"http:\/\/coaching-plass.de\/?page_id=22"},"modified":"2018-10-21T09:23:33","modified_gmt":"2018-10-21T09:23:33","slug":"ueber-mich","status":"publish","type":"page","link":"https:\/\/coaching-plass.de\/?page_id=22","title":{"rendered":"\u00dcber Mich"},"content":{"rendered":"<p>Durch meine langj\u00e4hrige Arbeit im Bereich der Physiotherapie komme ich immer wieder zu der Erkenntnis, dass es sehr h\u00e4ufig nur zu einer kompletten Gesundung kommen kann, wenn alle unsere menschlichen Systeme im Einklang sind.<\/p>\n<p>Das bedeutet: K\u00f6rper, Geist und Seele sind in einem harmonischen Gleichgewicht.<\/p>\n<p>H\u00e4ufig sind es Fokus\u00e4nderungen und Umdenkprozesse, welche die Gesundung nachhaltig best\u00e4rken.<\/p>\n<p>Das Leben wieder nach innen, zu sich selbst ausrichten. Weg von \u00e4u\u00dferen Umst\u00e4nden, Erwartungen, Denk- und Erziehungsmustern hin zu dem was wir wollen und was uns pers\u00f6nlich gut tut.<\/p>\n<p>Meine Vision ist das jeder Mensch so leben kann und somit sein volles Potential zur Verf\u00fcgung hat.<\/p>\n<p>Diese Erkenntnis brachte mich auf meinem Lebensweg zum Coaching, Mindfulness und Meditation.<\/p>\n<p>Mein Weg f\u00fchrte mich an die renommierte Dr. Bock Coaching Akademie in Berlin wo ich zum Life Coach ausgebildet wurde.<\/p>\n<p>Ich w\u00fcnsche Ihnen alles Gute auf Ihrem Lebensweg und w\u00fcrde mich freuen Sie kennenzulernen.<\/p>\n<p>Ihre<\/p>\n<p>Sandra Plass-Nagel<\/p>\n","protected":false},"excerpt":{"rendered":"<p>Durch meine langj\u00e4hrige Arbeit im Bereich der Physiotherapie komme ich immer wieder zu der Erkenntnis, dass es sehr h\u00e4ufig nur zu einer kompletten Gesundung kommen kann, wenn alle unsere menschlichen Systeme im Einklang sind. Das bedeutet: K\u00f6rper, Geist und Seele sind in einem harmonischen Gleichgewicht. H\u00e4ufig sind es Fokus\u00e4nderungen und Umdenkprozesse, welche die Gesundung nachhaltig &hellip; <a href=\"https:\/\/coaching-plass.de\/?page_id=22\" class=\"more-link\"><span class=\"screen-reader-text\">\u00dcber Mich<\/span> weiterlesen <span class=\"meta-nav\">&rarr;<\/span><\/a><\/p>\n","protected":false},"author":1,"featured_media":75,"parent":0,"menu_order":0,"comment_status":"closed","ping_status":"closed","template":"","meta":{"_exactmetrics_skip_tracking":false,"_exactmetrics_sitenote_active":false,"_exactmetrics_sitenote_note":"","_exactmetrics_sitenote_category":0,"footnotes":""},"class_list":["post-22","page","type-page","status-publish","has-post-thumbnail","hentry"],"_links":{"self":[{"href":"https:\/\/coaching-plass.de\/index.php?rest_route=\/wp\/v2\/pages\/22","targetHints":{"allow":["GET"]}}],"collection":[{"href":"https:\/\/coaching-plass.de\/index.php?rest_route=\/wp\/v2\/pages"}],"about":[{"href":"https:\/\/coaching-plass.de\/index.php?rest_route=\/wp\/v2\/types\/page"}],"author":[{"embeddable":true,"href":"https:\/\/coaching-plass.de\/index.php?rest_route=\/wp\/v2\/users\/1"}],"replies":[{"embeddable":true,"href":"https:\/\/coaching-plass.de\/index.php?rest_route=%2Fwp%2Fv2%2Fcomments&post=22"}],"version-history":[{"count":3,"href":"https:\/\/coaching-plass.de\/index.php?rest_route=\/wp\/v2\/pages\/22\/revisions"}],"predecessor-version":[{"id":94,"href":"https:\/\/coaching-plass.de\/index.php?rest_route=\/wp\/v2\/pages\/22\/revisions\/94"}],"wp:featuredmedia":[{"embeddable":true,"href":"https:\/\/coaching-plass.de\/index.php?rest_route=\/wp\/v2\/media\/75"}],"wp:attachment":[{"href":"https:\/\/coaching-plass.de\/index.php?rest_route=%2Fwp%2Fv2%2Fmedia&parent=22"}],"curies":[{"name":"wp","href":"https:\/\/api.w.org\/{rel}","templated":true}]}}