{"id":20,"date":"2018-10-20T17:38:54","date_gmt":"2018-10-20T17:38:54","guid":{"rendered":"http:\/\/coaching-plass.de\/?page_id=20"},"modified":"2018-10-21T09:21:47","modified_gmt":"2018-10-21T09:21:47","slug":"mindfulness","status":"publish","type":"page","link":"https:\/\/coaching-plass.de\/?page_id=20","title":{"rendered":"Mindfulness"},"content":{"rendered":"<p>In unserer leistungsorientierten Gesellschaft wird es immer schwieriger f\u00fcr jeden Einzelnen die eigenen Bed\u00fcrfnisse anzuerkennen.<\/p>\n<p>Wir leben im Au\u00dfen auf der Suche nach Best\u00e4tigung und Wertsch\u00e4tzung.<\/p>\n<h4>Aber:<\/h4>\n<h4>Was tut MIR gut?<\/h4>\n<p>Ich biete Ihnen eine moderne Art, Achtsamkeit in Ihren Alltag einzubauen. Dem Gedankenkarussell Ruhe zu verschaffen indem Sie lernen, die eigenen Gedanken zu kontrollieren. \u00a0Es gibt einige M\u00f6glichkeiten, stressresilient zu werden und zu bleiben.<\/p>\n<p>Ich freue mich mit Ihnen zusammen eine positive Lebenshaltung gepr\u00e4gt von Selbstliebe und Dankbarkeit zu erarbeiten.<\/p>\n<p>&nbsp;<\/p>\n<h3>Workshops \/ Kurse<\/h3>\n<p>In einer Gruppe von max. 10 Teilnehmern m\u00f6chte ich Sie einladen, die Grundlagen der Meditation zu erlernen.<\/p>\n<p>Sie lernen verschiedene Meditationstechniken kennen.<\/p>\n<p>Der Kurs h\u00e4lt verschiedene Methoden aus den Bereichen der Achtsamkeit und pers\u00f6nlicher Weiterentwicklung f\u00fcr Sie bereit. Diese Methoden k\u00f6nnen Sie in Ihren Alltag problemlos integrieren.<\/p>\n<p>Dauer:<\/p>\n<ul>\n<li>10 Einheiten a 60 min.<\/li>\n<li>Anmeldung jederzeit m\u00f6glich, genaue Termine werden ca. 4 Wochen vor Beginn mitgeteilt.<\/li>\n<\/ul>\n<p>Ich freue mich auf entspannte, stressfreie Abende mit Ihnen.<\/p>\n<p>Sie werden viele Lebensbereiche aus anderen Perspektiven sehen. Somit werden sie fokussiert und entspannt in einen neuen Lebensabschnitt starten.<\/p>\n","protected":false},"excerpt":{"rendered":"<p>In unserer leistungsorientierten Gesellschaft wird es immer schwieriger f\u00fcr jeden Einzelnen die eigenen Bed\u00fcrfnisse anzuerkennen. Wir leben im Au\u00dfen auf der Suche nach Best\u00e4tigung und Wertsch\u00e4tzung. Aber: Was tut MIR gut? Ich biete Ihnen eine moderne Art, Achtsamkeit in Ihren Alltag einzubauen. Dem Gedankenkarussell Ruhe zu verschaffen indem Sie lernen, die eigenen Gedanken zu kontrollieren. &hellip; <a href=\"https:\/\/coaching-plass.de\/?page_id=20\" class=\"more-link\"><span class=\"screen-reader-text\">Mindfulness<\/span> weiterlesen <span class=\"meta-nav\">&rarr;<\/span><\/a><\/p>\n","protected":false},"author":1,"featured_media":65,"parent":0,"menu_order":0,"comment_status":"closed","ping_status":"closed","template":"","meta":{"_exactmetrics_skip_tracking":false,"_exactmetrics_sitenote_active":false,"_exactmetrics_sitenote_note":"","_exactmetrics_sitenote_category":0,"footnotes":""},"class_list":["post-20","page","type-page","status-publish","has-post-thumbnail","hentry"],"_links":{"self":[{"href":"https:\/\/coaching-plass.de\/index.php?rest_route=\/wp\/v2\/pages\/20","targetHints":{"allow":["GET"]}}],"collection":[{"href":"https:\/\/coaching-plass.de\/index.php?rest_route=\/wp\/v2\/pages"}],"about":[{"href":"https:\/\/coaching-plass.de\/index.php?rest_route=\/wp\/v2\/types\/page"}],"author":[{"embeddable":true,"href":"https:\/\/coaching-plass.de\/index.php?rest_route=\/wp\/v2\/users\/1"}],"replies":[{"embeddable":true,"href":"https:\/\/coaching-plass.de\/index.php?rest_route=%2Fwp%2Fv2%2Fcomments&post=20"}],"version-history":[{"count":5,"href":"https:\/\/coaching-plass.de\/index.php?rest_route=\/wp\/v2\/pages\/20\/revisions"}],"predecessor-version":[{"id":93,"href":"https:\/\/coaching-plass.de\/index.php?rest_route=\/wp\/v2\/pages\/20\/revisions\/93"}],"wp:featuredmedia":[{"embeddable":true,"href":"https:\/\/coaching-plass.de\/index.php?rest_route=\/wp\/v2\/media\/65"}],"wp:attachment":[{"href":"https:\/\/coaching-plass.de\/index.php?rest_route=%2Fwp%2Fv2%2Fmedia&parent=20"}],"curies":[{"name":"wp","href":"https:\/\/api.w.org\/{rel}","templated":true}]}}