{"id":2,"date":"2016-05-10T03:48:21","date_gmt":"2016-05-10T03:48:21","guid":{"rendered":"http:\/\/coaching-plass.de\/?page_id=2"},"modified":"2018-10-21T16:45:06","modified_gmt":"2018-10-21T16:45:06","slug":"sample-page","status":"publish","type":"page","link":"https:\/\/coaching-plass.de\/","title":{"rendered":"Home"},"content":{"rendered":"<h3>Ruf Dein volles Potential ab.<\/h3>\n<p>&nbsp;<\/p>\n<h5 style=\"text-align: center;\">Entscheidungen treffen,<\/h5>\n<h5 style=\"text-align: center;\">\u00c4ngste meistern,<\/h5>\n<h5 style=\"text-align: center;\">Ver\u00e4nderungen als Chance betrachten,<\/h5>\n<h5 style=\"text-align: center;\">die eigenen St\u00e4rken erkennen,<\/h5>\n<h5 style=\"text-align: center;\">Konflikte l\u00f6sen,<\/h5>\n<h5 style=\"text-align: center;\">durch Lebenskrisen als Pers\u00f6nlichkeit wachsen,<\/h5>\n<h5 style=\"text-align: center;\">eine T\u00e4tigkeit aus\u00fcben, die auf Deinen St\u00e4rken basiert,<\/h5>\n<h5 style=\"text-align: center;\">Erfolg und Spa\u00df im Beruf haben,<\/h5>\n<h5 style=\"text-align: center;\">Beziehungsprobleme meistern,<\/h5>\n<h5 style=\"text-align: center;\">sich Tr\u00e4ume erf\u00fcllen,<\/h5>\n<h5 style=\"text-align: center;\">gl\u00fccklich sein.<\/h5>\n<p>&nbsp;<\/p>\n<h3>Das Potential ist bereits in Dir, jetzt ist der richtige Zeitpunkt es zu nutzen.<\/h3>\n","protected":false},"excerpt":{"rendered":"<p>Ruf Dein volles Potential ab. &nbsp; Entscheidungen treffen, \u00c4ngste meistern, Ver\u00e4nderungen als Chance betrachten, die eigenen St\u00e4rken erkennen, Konflikte l\u00f6sen, durch Lebenskrisen als Pers\u00f6nlichkeit wachsen, eine T\u00e4tigkeit aus\u00fcben, die auf Deinen St\u00e4rken basiert, Erfolg und Spa\u00df im Beruf haben, Beziehungsprobleme meistern, sich Tr\u00e4ume erf\u00fcllen, gl\u00fccklich sein. &nbsp; Das Potential ist bereits in Dir, jetzt ist &hellip; <a href=\"https:\/\/coaching-plass.de\/\" class=\"more-link\"><span class=\"screen-reader-text\">Home<\/span> weiterlesen <span class=\"meta-nav\">&rarr;<\/span><\/a><\/p>\n","protected":false},"author":1,"featured_media":0,"parent":0,"menu_order":0,"comment_status":"closed","ping_status":"closed","template":"","meta":{"_exactmetrics_skip_tracking":false,"_exactmetrics_sitenote_active":false,"_exactmetrics_sitenote_note":"","_exactmetrics_sitenote_category":0,"footnotes":""},"class_list":["post-2","page","type-page","status-publish","hentry"],"_links":{"self":[{"href":"https:\/\/coaching-plass.de\/index.php?rest_route=\/wp\/v2\/pages\/2","targetHints":{"allow":["GET"]}}],"collection":[{"href":"https:\/\/coaching-plass.de\/index.php?rest_route=\/wp\/v2\/pages"}],"about":[{"href":"https:\/\/coaching-plass.de\/index.php?rest_route=\/wp\/v2\/types\/page"}],"author":[{"embeddable":true,"href":"https:\/\/coaching-plass.de\/index.php?rest_route=\/wp\/v2\/users\/1"}],"replies":[{"embeddable":true,"href":"https:\/\/coaching-plass.de\/index.php?rest_route=%2Fwp%2Fv2%2Fcomments&post=2"}],"version-history":[{"count":13,"href":"https:\/\/coaching-plass.de\/index.php?rest_route=\/wp\/v2\/pages\/2\/revisions"}],"predecessor-version":[{"id":101,"href":"https:\/\/coaching-plass.de\/index.php?rest_route=\/wp\/v2\/pages\/2\/revisions\/101"}],"wp:attachment":[{"href":"https:\/\/coaching-plass.de\/index.php?rest_route=%2Fwp%2Fv2%2Fmedia&parent=2"}],"curies":[{"name":"wp","href":"https:\/\/api.w.org\/{rel}","templated":true}]}}